{"id":3,"date":"2019-11-11T15:16:04","date_gmt":"2019-11-11T14:16:04","guid":{"rendered":"http:\/\/www.inprimopianofirenze.com\/it\/?page_id=3"},"modified":"2020-01-26T19:15:24","modified_gmt":"2020-01-26T18:15:24","slug":"privacy-policy","status":"publish","type":"page","link":"http:\/\/www.inprimopianofirenze.com\/it\/privacy-policy\/","title":{"rendered":"Privacy Policy"},"content":{"rendered":"<div class=\"fusion-fullwidth fullwidth-box fusion-builder-row-1 nonhundred-percent-fullwidth non-hundred-percent-height-scrolling\"  style='background-color: rgba(255,255,255,0);background-position: center center;background-repeat: no-repeat;padding-top:0px;padding-right:0px;padding-bottom:0px;padding-left:0px;'><div class=\"fusion-builder-row fusion-row \"><div  class=\"fusion-layout-column fusion_builder_column fusion_builder_column_1_1 fusion-builder-column-0 fusion-one-full fusion-column-first fusion-column-last 1_1\"  style='margin-top:0px;margin-bottom:0px;'><div class=\"fusion-column-wrapper\" style=\"padding: 0px 0px 0px 0px;background-position:left top;background-repeat:no-repeat;-webkit-background-size:cover;-moz-background-size:cover;-o-background-size:cover;background-size:cover;\"   data-bg-url=\"\"><div class=\"fusion-text\"><h2>Chi siamo<\/h2>\n<p>L&#8217;indirizzo del nostro sito web \u00e8: http:\/\/www.inprimopianofirenze.com\/.<\/p>\n<h2>Quali dati personali raccogliamo e perch\u00e9 li raccogliamo<\/h2>\n<h3>\u00a0<\/h3>\n<h3>Cookie<\/h3>\n<p>Se visiti la pagina di login, verr\u00e0 impostato un cookie temporaneo per determinare se il tuo browser accetta i cookie. Questo cookie non contiene dati personali e viene eliminato quando chiudi il browser.<\/p>\n<p>Quando effettui l&#8217;accesso, verranno impostati diversi cookie per salvare le tue informazioni di accesso e le tue opzioni di visualizzazione dello schermo. I cookie di accesso durano due giorni mentre i cookie per le opzioni dello schermo durano un anno. Se selezioni &#8220;Ricordami&#8221;, il tuo accesso persister\u00e0 per due settimane. Se esci dal tuo account, i cookie di accesso verranno rimossi.<\/p>\n<p>\u00a0<\/p>\n<h3>Contenuto incorporato da altri siti web<\/h3>\n<p>Gli articoli su questo sito possono includere contenuti incorporati (ad esempio video, immagini, articoli, ecc.). I contenuti incorporati da altri siti web si comportano esattamente allo stesso modo come se il visitatore avesse visitato l&#8217;altro sito web.<\/p>\n<p>Questi siti web possono raccogliere dati su di te, usare cookie, integrare ulteriori tracciamenti di terze parti e monitorare l&#8217;interazione con essi, incluso il tracciamento della tua interazione con il contenuto incorporato se hai un account e sei connesso a quei siti web.<\/p>\n<h2>\u00a0<\/h2>\n<h3>Per quanto tempo conserviamo i tuoi dati<\/h3>\n<p>Per gli utenti che si registrano sul nostro sito web (se presenti), memorizziamo anche le informazioni personali che forniscono nel loro profilo utente. Tutti gli utenti possono vedere, modificare o cancellare le loro informazioni personali in qualsiasi momento (eccetto il loro nome utente che non possono cambiare). Gli amministratori del sito web possono anche vedere e modificare queste informazioni.<\/p>\n<p>\u00a0<\/p>\n<h3>Quali diritti hai sui tuoi dati<\/h3>\n<p>Se hai un account su questo sito, puoi richiedere di ricevere un file esportato dal sito con i dati personali che abbiamo su di te, compresi i dati che ci hai fornito. Puoi anche richiedere che cancelliamo tutti i dati personali che ti riguardano. Questo non include i dati che siamo obbligati a conservare per scopi amministrativi, legali o di sicurezza.<\/p>\n<p>\u00a0<\/p>\n<h3>Modulo di contatto<\/h3>\n<p align=\"JUSTIFY\"><b>Articoli 13 e 14 del Regolamento (UE) 2016\/679 (in seguito \u201cGDPR\u201d)<\/b><\/p>\n<p align=\"JUSTIFY\">ai sensi degli articoli 13 e 14 del GDPR, La informiamo che In Primo Piano Firenze in qualit\u00e0 di Titolare del trattamento, tratter\u00e0 \u2013 per le finalit\u00e0 e le modalit\u00e0 di seguito riportate \u2013 i dati personali da Lei forniti nel modulo &#8220;contatti&#8221;. In particolare,<b> In Primo Piano Firenze<\/b> tratter\u00e0 i seguenti dati personali: <br \/>a) Nome, cognome <br \/>b) email<\/p>\n<p align=\"JUSTIFY\"><b>1. Base giuridica e finalit\u00e0 del trattamento <\/b><br \/>Il trattamento anzidetto \u00e8 fondato sul Suo consenso ed \u00e8 finalizzato al contatto con l&#8217;azienda per la richiesta di informazioni e di preventivi.<\/p>\n<p align=\"JUSTIFY\"><b>2. Modalit\u00e0 del trattamento <\/b><br \/>Il trattamento dei Tuoi dati personali \u00e8 realizzato anche con l\u2019ausilio di mezzi elettronici, per mezzo delle operazioni indicate all\u2019art.4 n. 2) del GDPR e precisamente: il trattamento dei Tuoi dati personali potr\u00e0 consistere nella raccolta, registrazione, organizzazione, consultazione, elaborazione, modificazione, selezione, estrazione, raffronto, utilizzo, interconnessione, blocco, comunicazione, cancellazione e distruzione dei dati.<\/p>\n<p align=\"JUSTIFY\"><b>3. Obbligatoriet\u00e0 del conferimento <\/b><br \/>Il conferimento dei dati per le finalit\u00e0 di cui al punto 1 lettera a) \u00e8 obbligatorio per il raggiungimento delle finalit\u00e0 sopraelencate. Un eventuale rifiuto di fornire i dati di cui sopra comporta l\u2019impossibilit\u00e0 di accettarla.<\/p>\n<p align=\"JUSTIFY\"><b>4. Ambito di comunicazione dei dati <\/b><br \/>Dei suoi dati potranno venirne a conoscenza in qualit\u00e0 di incaricati del trattamento, personale di In Primo Piano Firenze appositamente nominato, nonch\u00e9, quale Responsabile, la societ\u00e0 che si occupa della gestione del database delle anagrafiche.<\/p>\n<p align=\"JUSTIFY\"><b>5. Trasferimento dei dati all\u2019estero. <\/b><br \/>La gestione e la conservazione dei dati personali avverr\u00e0 su server ubicati all\u2019interno dell\u2019Unione Europea del Titolare e\/o di societ\u00e0 Terze incaricate e debitamente nominate quali Responsabili del Trattamento. Attualmente i server sono situati in Italia. I singoli dati potranno anche essere oggetto di trasferimento al di fuori dell\u2019Unione Europea, secondo le disposizioni di cui al capo V del GDPR e previo consenso espresso dall\u2019Interessato. Resta in ogni caso inteso che il titolare, ove si rendesse necessario, avr\u00e0 facolt\u00e0 di spostare l\u2019ubicazione dei server in altro paese dell\u2019Unione Europea e\/o paesi extra Unione Europea. In tal caso, il titolare assicura fin da ora che il trasferimento dei dati extra Unione Europea avverr\u00e0 in conformit\u00e0 alle disposizioni di legge applicabili stipulando, se necessario, accordi che garantiscano un livello di protezione adeguato e\/o adottando le clausole contrattuali standard previste dalla Commissione Europea.<\/p>\n<p align=\"JUSTIFY\"><b>6. Periodo di conservazione dei dati <\/b><br \/>I dati di cui alle lettere a) e b) saranno conservati per il periodo necessario al conseguimento delle finalit\u00e0 per i quali sono stati acquisiti e comunque non oltre i 10 anni.<br \/>La verifica sulla obsolescenza sui dati oggetto di trattamento rispetto alle finalit\u00e0 per le quali sono stati raccolti e trattati viene effettuata periodicamente.<\/p>\n<p align=\"JUSTIFY\"><b>7. Titolare e responsabile del trattamento dati <\/b><br \/>Titolare \u00e8 <strong>In Primo Piano Firenze<\/strong>.<\/p>\n<p align=\"JUSTIFY\">Via di Rimaggio 141\/26<\/p>\n<p align=\"JUSTIFY\">Sesto Fiorentino, Italia<\/p>\n<p align=\"JUSTIFY\">Il responsabile del trattamento dei dati \u00e8 Sandro Costa.<br \/>Contatti: info@inprimopianofirenze.com.<\/p>\n<p align=\"JUSTIFY\"><b>8. Diritti dell\u2019interessato \u2013 art. 15-22 GDPR <\/b><br \/>In qualunque momento potr\u00e0 conoscere i dati che La riguardano, sapere come sono stati acquisiti, verificare se sono esatti, completi, aggiornati e ben custoditi, di ricevere i dati in un formato strutturato, di uso comune e leggibile da dispositivo automatico, di revocare il consenso eventualmente prestato relativamente al trattamento dei Suoi dati in qualsiasi momento ed opporsi in tutto od in parte, all\u2019utilizzo degli stessi e di proporre reclamo al Garante per la protezione dei dati personali.<br \/>Tali diritti possono essere esercitati attraverso specifica istanza da indirizzare tramite raccomandata \u2013 o pec \u2013 al Titolare del trattamento. Si accettano comunque anche istanze redatte su normali mail e\/o posta ordinaria.<\/p>\n<p align=\"JUSTIFY\">\u00a0<\/p>\n<p align=\"JUSTIFY\">Per approfondimenti leggere il GDPR sul sito <a href=\"https:\/\/www.garanteprivacy.it\/il-testo-del-regolamento\">https:\/\/www.garanteprivacy.it\/il-testo-del-regolamento<\/a><\/p>\n<\/div><div class=\"fusion-clearfix\"><\/div><\/div><\/div><\/div><\/div>","protected":false},"excerpt":{"rendered":"","protected":false},"author":1,"featured_media":0,"parent":0,"menu_order":0,"comment_status":"closed","ping_status":"open","template":"","meta":[],"_links":{"self":[{"href":"http:\/\/www.inprimopianofirenze.com\/it\/wp-json\/wp\/v2\/pages\/3"}],"collection":[{"href":"http:\/\/www.inprimopianofirenze.com\/it\/wp-json\/wp\/v2\/pages"}],"about":[{"href":"http:\/\/www.inprimopianofirenze.com\/it\/wp-json\/wp\/v2\/types\/page"}],"author":[{"embeddable":true,"href":"http:\/\/www.inprimopianofirenze.com\/it\/wp-json\/wp\/v2\/users\/1"}],"replies":[{"embeddable":true,"href":"http:\/\/www.inprimopianofirenze.com\/it\/wp-json\/wp\/v2\/comments?post=3"}],"version-history":[{"count":7,"href":"http:\/\/www.inprimopianofirenze.com\/it\/wp-json\/wp\/v2\/pages\/3\/revisions"}],"predecessor-version":[{"id":4507,"href":"http:\/\/www.inprimopianofirenze.com\/it\/wp-json\/wp\/v2\/pages\/3\/revisions\/4507"}],"wp:attachment":[{"href":"http:\/\/www.inprimopianofirenze.com\/it\/wp-json\/wp\/v2\/media?parent=3"}],"curies":[{"name":"wp","href":"https:\/\/api.w.org\/{rel}","templated":true}]}}